{"id":1630,"date":"2025-10-18T09:00:33","date_gmt":"2025-10-18T07:00:33","guid":{"rendered":"http:\/\/kbinka.vipserv.org\/?page_id=1630"},"modified":"2026-01-22T08:24:39","modified_gmt":"2026-01-22T07:24:39","slug":"rodzina-nowosielski-z-babic-i-szop","status":"publish","type":"page","link":"https:\/\/k.binka.pl\/?page_id=1630","title":{"rendered":"Rodzina Nowosielski z Babic i Szop"},"content":{"rendered":"<p>W parafii babickiej notowania trwa\u0142e Nowosielskich maj\u0105 miejsce w aktach pod koniec XIX wieku. S\u0105 to dwie ga\u0142\u0119zie.<br \/>\nPierwsza ga\u0142\u0105\u017a. Trudno powiedzie\u0107, czy jest spowinowacona z drug\u0105 ga\u0142\u0119zi\u0105.<br \/>\nPod koniec XIX wieku w parafii babickiej zanotowano urodziny Antoniny (1887- 1888), Ma\u0142gorzaty (1888-1890) i J\u00f3zefa Nowosielskiego (1890) w pobliskiej miejscowo\u015bci Chrzan\u00f3w. By\u0142y to dzieci Marcina Nowosielskiego i Anieli Walerzak (\u015blub Marcina i Anieli zanotowano w 1886 w parafii S\u0142u\u017cew).  Marcin Nowosielski by\u0142 synem Wojciecha i J\u00f3zefy Ko\u0142odziejskiej. Aniela Walerzak by\u0142a c\u00f3rk\u0105 Andrzeja i Ma\u0142gorzaty Wodzijskiej. Marcin na \u015blubnym kobiercu mia\u0142 23 lata, by\u0142 kawalerem urodzonym we wsi Truskaw (niedaleko od Babic), \u017cyj\u0105cym w folwarku Karolin (k. miejscowo\u015bci Mory i Chrzan\u00f3w, kt\u00f3ry chyba ju\u017c nie nale\u017cy do parafii babickiej, tylko w\u0142a\u015bnie s\u0142u\u017cewskiej). Aniela, s\u0142u\u017c\u0105ca, 23 lata, panna, urodzona w Konotopa, \u017cyj\u0105ca tak\u017ce w folwarku Karolin. Z tej linii w parafii babickiej nie pozosta\u0142 nikt po mieczu, gdy\u017c J\u00f3zef znika z akt.<br \/>\nLini\u0119 t\u0105 mo\u017cna wywodzi\u0107 z okolic \u0141owicza   I linia \u0142owicka<br \/>\nJan Nowosielski  + Agnieszka (ur ok. 1721 &#8211; zg 1771, Jastrz\u0119bia, \u0141owicz \u015bw Duch)<br \/>\n&#8230;&#8230;Nowosielska Anna ur 1769, Jastrz\u0119bia, \u0141owicz, par. \u015aw. Ducha.<br \/>\nJan Nowosielski + \u015bl 1772, \u0141owicz, \u015aw. Duch, Jadwiga G\u0105siewszczanka, 6-ro dzieci, m.in.<br \/>\n&#8230;&#8230;Nowosielska Julianna ur 1773, Jastrz\u0119bia, \u0141owicz, \u015bw. Duch + Stefan Mr\u00f3wczy\u0144ski \u015bl 1797, \u0141owicz, \u015bw Duch,<br \/>\n&#8230;&#8230;Nowosielska ur 1777, Jastrz\u0119bia, \u0141owicz, \u015bw Duch, (Marianna<br \/>\n&#8230;&#8230;Nowosielska ur 1779, Jastrz\u0119bia, \u0141owicz, \u015bw Duch.<br \/>\n&#8230;&#8230;Nowosielska ur 1782, Bratkowice, \u0141owicz, \u015bw Duch.<br \/>\n&#8230;&#8230;Nowosielski Maciej (ur ok 1784 &#8211; 1832, Kaputy) + \u015bl 1810, Kaputy, par Borz\u0119cin, Aniela Kwiatkowska (ur ok 1786 &#8211; 1848, Kaputy) z Kaput,<br \/>\n&#8230;&#8230;&#8230;.Nowosielski Pawe\u0142, Pustelnik, ur 1810, Kaputy, Borz\u0119cin.<br \/>\n&#8230;&#8230;&#8230;.Nowosielska Petronela akt ur 38, 1812, Kaputy, Borz\u0119cin.<br \/>\n&#8230;&#8230;&#8230;.Nowosielska Ewa akt ur 43, 1814, Kaputy, Borz\u0119cin.<br \/>\n&#8230;&#8230;&#8230;.Nowosielski Jan akt ur 8, 1816, Kaputy, Borz\u0119cin.<br \/>\n&#8230;&#8230;&#8230;.Nowosielski Wojciech (akt ur 17,1818 Kaputy, Borz\u0119cin &#8211; 1875) + akt \u015bl 8, 1840, Borz\u0119cin, Wiktoria W\u0119grodzka, c. Szymona i Petroneli Paradowskiej (ur ok 1821-1852) z Kaput<br \/>\n&#8230;&#8230;&#8230;.Nowosielski Wojciech (akt ur 17,1818 Kaputy, Borz\u0119cin &#8211; 1875) + akt \u015bl 11, 1853, O\u0142tarzew, \u017bbik\u00f3w, J\u00f3zefa Ko\u0142odziejska, c. Andrzeja i Anny Wi\u015bniewskiej (ur ok 1827-1873) z  P\u0142ochocina, 5 dzieci, mieszkali w Duchnicach, Borz\u0119cinie, Truskawiu.<br \/>\n&#8230;&#8230;&#8230;&#8230;&#8230;Nowosielski Jan akt ur 77, 1855 \u017bbik\u00f3w, Duchnice,<br \/>\n&#8230;&#8230;&#8230;&#8230;&#8230;Nowosielski Piotr akt ur 27, 1857, Borz\u0119cin + Agnieszka Krzysztofiak<br \/>\n&#8230;&#8230;&#8230;&#8230;&#8230;Nowosielski Marcin (akt ur 120,1862, Borz\u0119cin -1918) + \u015bl 1886, J\u00f3zefa Walerzak (ur 1862) z Konotopy,  dzieci (Antonina, Ma\u0142gorzata, J\u00f3zef, Aleksander, W\u0142adys\u0142aw, Janina, Helena, Marian), mieszkali w Chrzanowie (par Babice) i w \u017bd\u017carach, par \u017bbik\u00f3w k. Pruszkowa.<br \/>\n&#8230;&#8230;&#8230;&#8230;&#8230;Nowosielski Feliks akt ur 41, 1869, Borz\u0119cin.<br \/>\n&#8230;&#8230;Nowosielski \u0141ukasz, ur 1787, Bratkowice, \u0141owicz, \u015bw Duch.<\/p>\n<p>Druga ga\u0142\u0105\u017a Nowosielskich<br \/>\nKolejne dzieci Nowosielskich  Stanis\u0142awa i Marianny, ale drugiej ga\u0142\u0119zi to \u2013 Franciszka 1897, Janina 1899 &#8211; 1902, Stanis\u0142awa 1900, Marianna 1903 &#8211; 1903, Natalia 1904 &#8211; 1905, Stanis\u0142aw 1906, Boles\u0142aw 1906, (bli\u017aniacy), Franciszek 1909 i Stefan 1911 \u2013 1911. Zatem niekt\u00f3re z nich umiera\u0142y szybko. Ma\u0142\u017ce\u0144stwo Stanis\u0142awa i Marianny Rutkowskiej (c\u00f3rki \u0141ukasza i Franciszki Potrzebowskiej) zosta\u0142o zawarte w parafii babickiej w 1896 roku. \u017bona Stanis\u0142awa &#8211;  Marianna Rutkowska mieszka\u0142a z rodzicami w miejscowo\u015bci Macierzysz (parafia babicka) i tam by\u0142a urodzona. St\u0105d z pewno\u015bci\u0105 Stanis\u0142aw przyw\u0119drowa\u0142 do parafii babickiej za \u017con\u0105. Z informacji zawartych w akcie \u015blubu wynika, \u017ce Stanis\u0142aw jest synem Jana Nowosielskiego i Anny Wrzosek. \u015alub Jana i Anny Wrzosek zawarty zosta\u0142 w parafii W-wa, Wilan\u00f3w, \u015aw. Anna &#8211; wie\u015b Czerniak\u00f3w, w 1871 roku (Jan &#8211; 24 lata, kawaler, urodzony i \u017cyj\u0105cy w Szopach Polskich na gospodarstwie przy matce, syn Andrzeja Nowosielskiego i Wiktorii Walendzik; Wiktoria &#8211; panna 19 l, z Czerniakowa, przy matce na gospodarstwie \u2013 tam urodzona i \u017cyj\u0105ca, c. Jana Wrzoska i Wiktorii Nowosielskiej). A wi\u0119c obydwoje mieli korzenie nowosielskie. Anna zmar\u0142a w 1875 roku.  Jan ponownie zawar\u0142 \u015blub w 1876 roku z Marcjann\u0105 Go\u017adzik,  domo Potrzebowska &#8211; wdow\u0105 po Go\u017adziku, urodzon\u0105 w 1840 w Babicach. W akcie z \u015blubu z pani\u0105 Go\u017adzik jako ojca Jana podano b\u0142\u0119dnie imi\u0119 (te\u017c) Jan, a nie Andrzej, jak przy \u015blubie z Wrzosek. Prawid\u0142owo powinno by\u0107 Andrzej, gdy\u017c takie imi\u0119 figuruje w akcie urodzenia Andrzeja w 1829 roku (Parafia \u015aw. Katarzyna &#8211; miejscowo\u015b\u0107 Szopy). Z pani\u0105 Go\u017adzik, Jan po 16 letnim po\u017cyciu nie doczeka\u0142 si\u0119 dzieci \u2013 nie ma notowa\u0144 w aktach. Po raz trzeci Jan \u017ceni si\u0119 w 1893 z Antonin\u0105 Derda z Szop i ma z ni\u0105 liczne dzieci. Ojciec Jana &#8211;  Andrzej &#8211; w akcie ur Jana okre\u015blany jest jako zagrodnik z Szop, l. 20, matka l. 19. Akt urodzenia Andrzeja Nowosielskiego pochodzi z roku 1829  &#8211;  jest synem Szymona i Agnieszki Skoczylas (rodze\u0144stwo Andrzeja rodzi si\u0119 od 1820 r.; Andrzej jest p\u00f3\u017anym dzieckiem tego ma\u0142\u017ce\u0144stwa). Urodzi\u0142 si\u0119 Andrzej w parafii W-wa S\u0142u\u017cew, \u015aw. Katarzyna, miejscowo\u015b\u0107 r\u00f3wnie\u017c Szopy. Szymon okre\u015blany jest r\u00f3wnie\u017c jako zagrodnik w Szopach zamieszka\u0142y l. 35, Agnieszka liczy podczas \u015blubu 27 l. Zatem Szymon urodzi\u0142by si\u0119 oko\u0142o roku 1794.  Andrzej Nowosielski zawar\u0142 \u015blub w 1847 z Wiktori\u0105 Walendzik, c. Jana i Zofii Piecyk w parafii s\u0142u\u017cewskiej. Andrzej przy \u015blubie okre\u015blany jest jako m\u0142odzian z Szop przy Krzewnych Do\u0142ach zostaj\u0105cy (jaki\u015b fragment wsi). Wiktoria pochodzi z Ok\u0119cia i tam mieszka.<br \/>\n\u015alub Szymona Nowosielskiego i Agnieszki Skoczylas odby\u0142 si\u0119 w 1819 w parafii s\u0142u\u017cewskiej. Szymon jest synem Wojciecha Nowosielskiego i Magdaleny Wierzbickiej. Szymon jest wdowcem po Franciszce Rybak, z kt\u00f3r\u0105 bra\u0142 \u015blub w 1817 roku. Szymon, jak napisano w akcie &#8211; gospodarz z Szop tam urodzony, l. 24. Syn zmar\u0142ej Magdaleny Wierzbickiej. Na \u015blubie obecny jest jego ojciec \u2013 Wojciech &#8211;  w\u0142o\u015bcianin. Agnieszka mieszka\u0142a z rodzicami w Szopach, tam\u017ce urodzona. Jej ojciec Jan jest zagrodnikiem w Szopach, matka Marianna z Bieleckich.<br \/>\n\u015alub Wojciecha Nowosielskiego i Magdaleny Wierzbickiej mia\u0142 miejsce w 1793 roku w parafii s\u0142u\u017cewskiej w miejscowo\u015bci Szopy. Aktu nie widzia\u0142em.<br \/>\nW 1793 rodzi si\u0119 Wojciechowi i Magdalenie  Agnieszka, w 1794 El\u017cbieta, w 1798 Ma\u0142gorzata, w 1799 Anna, w 1802 Jan, w 1804 Marianna, Weronika, w 1806 Piotr, Zygmunt i w 1808 Katarzyna.<br \/>\n\u017bona Wojciecha &#8211; Magdalena umiera w 1808 roku, pewnie po porodzie w wieku 35 lat.<br \/>\nWojciech \u017ceni si\u0119 ponownie w 1812 z Ann\u0105 Samo\u0142owicz (c. Jana i Apolonii Kornackiej). Anna urodzi\u0142a si\u0119 w Imielinie w 1785 roku.<br \/>\nWojciech Nowosielski umiera w 1819 roku. Jest zatem wdowcem po Magdalenie i Annie. By\u0142 urodzony w 1859 (60) w miejscowo\u015bci Szopy. Jego rodzicami byli Jan Nowosielski i Marianna Sajnoga.<br \/>\nJan by\u0142 synem Jakuba i Jadwigi\/Barbary.<\/p>\n<p>Miejscowo\u015b\u0107 Szopy Polskie po\u0142o\u017cona by\u0142a mi\u0119dzy ulic\u0105 Pu\u0142awsk\u0105 a Al. Wilanowsk\u0105 w okolicach ulic Ja\u015bminowej, Boche\u0144skiej. Opr\u00f3cz Szop Polskich istnia\u0142y w okolicach Pu\u0142awskiej Szopy Niemieckie (z kolonistami niemieckimi). Szopy Polskie by\u0142y wsi\u0105 szlacheck\u0105 od XV wieku \u2013 pod koniec XVIII w przesz\u0142y na w\u0142asno\u015b\u0107 skarbu pa\u0144stwa. W parafii S\u0142u\u017cew (miejscowo\u015bci S\u0142u\u017cew i Szopy) od ko\u0144ca XVIII wieku notowani s\u0105 bardzo licznie Nowosielscy (pewnie by\u0142o to gniazdo rodowe).<br \/>\nJAKUB i JADWIGA\/BARBARA (12 dzieci)<br \/>\n<strong>Jan Nowosielski<\/strong> i <strong>Marianna Sajnoga<\/strong><br \/>\n&#8230;..Nowosielski Wojciech (ur 1759 (60), zg 1819) i Magdalena Wierzbicka, (ur ok 1773,  zg 1808),  \u015blub 1793, W-wa, S\u0142u\u017cew, \u015aw. Katarzyna, Szopy<br \/>\n&#8230;&#8230;&#8230;&#8230;Nowosielska Agnieszka ur 1793, W-wa, S\u0142u\u017cew, \u015aw. Katarzyna, Szopy<br \/>\n&#8230;&#8230;&#8230;&#8230;Nowosielska El\u017cbieta ur 1794, W-wa, S\u0142u\u017cew, \u015aw. Katarzyna, Szopy<br \/>\n&#8230;&#8230;&#8230;&#8230;Nowosielski Szymon (ur ok 1795, zg 1833, W-wa, S\u0142u\u017cew, \u015aw. Katarzyna, Szopy) i Franciszka Rybak ze S\u0142u\u017cewa (c. Szymona i Katarzyny Pisarek, zg 1819) \u015bl 1817, W-wa, S\u0142u\u017cew, \u015aw. Katarzyna,<br \/>\n&#8230;&#8230;&#8230;&#8230;&#8230;&#8230;.Nowosielska Brygida ur 1819, W-wa, S\u0142u\u017cew, \u015aw. Katarzyna, Szopy<br \/>\n&#8230;&#8230;&#8230;&#8230;Nowosielski Szymon (ur ok 1795, zg 1833, Szopy) i Agnieszka Skoczylas (ur 1802, W-wa, S\u0142u\u017cew, \u015aw. Katarzyna,Szopy, zg 1834, Szopy, c. Jana i  Marianny Bieleckiej)  \u015bl 1819, W-wa, S\u0142u\u017cew, \u015aw. Katarzyna.<br \/>\n&#8230;&#8230;&#8230;&#8230;&#8230;&#8230;.Nowosielski Jan ur 1820, W-wa, S\u0142u\u017cew, \u015aw. Katarzyna, Szopy<br \/>\n&#8230;&#8230;&#8230;&#8230;&#8230;&#8230;.Nowosielska Franciszka Teresa ur 1822, W-wa, S\u0142u\u017cew, \u015aw. Katarzyna, Szopy<br \/>\n&#8230;&#8230;&#8230;&#8230;&#8230;&#8230;.Nowosielska Klara ur 1825, W-wa, S\u0142u\u017cew, \u015aw. Katarzyna, Szopy<br \/>\n&#8230;&#8230;&#8230;&#8230;&#8230;&#8230;.Nowosielska Zofia ur 1827, W-wa, S\u0142u\u017cew, \u015aw. Katarzyna, Szopy<br \/>\n&#8230;&#8230;&#8230;&#8230;&#8230;&#8230;.Nowosielski Andrzej (ur 1829, zg 1863, W-wa, S\u0142u\u017cew, \u015aw. Katarzyna, Szopy) i Wiktoria Walendzik, c. Jana i Zofii Piecyk, z Ok\u0119cia. \u015al 1847 parafia S\u0142u\u017cew.<br \/>\n&#8230;&#8230;&#8230;&#8230;&#8230;&#8230;&#8230;&#8230;.Nowosielski Jan (ur 1849, W-wa, S\u0142u\u017cew, \u015aw. Katarzyna, Szopy; zg 1827, W-wa, S\u0142u\u017cew, \u015aw. Katarzyna, S\u0142u\u017cew) i (\u015bl 1871, W-wa Wilan\u00f3w, \u015aw. Anna) Anna Wrzosek, 19 l., z Czerniakowa, c. Jana Wrzoska i Wiktorii Nowosielskiej (zg 1875)<br \/>\n&#8230;&#8230;&#8230;&#8230;&#8230;&#8230;&#8230;&#8230;&#8230;&#8230;&#8230;Nowosielski Stanis\u0142aw (brak aktu urodzenia, ur 1873, W-wa, S\u0142u\u017cew, \u015aw. Katarzyna, Szopy, przy ojcu w S\u0142u\u017cewie, rolniku) i (\u015bl 1896, Babice) Marianna Rutkowska (ur 1876, Babice, Macierzysz) c. \u0141ukasza i Franciszki Potrzebowskiej, przy rodzicach w Macierzyszu.<br \/>\n&#8230;&#8230;&#8230;&#8230;&#8230;&#8230;&#8230;&#8230;&#8230;&#8230;&#8230;&#8230;&#8230;&#8230;&#8230;Nowosielska Franciszka ur 1897,  Babice<br \/>\n&#8230;&#8230;&#8230;&#8230;&#8230;&#8230;&#8230;&#8230;&#8230;&#8230;&#8230;&#8230;&#8230;&#8230;&#8230;Nowosielska Janina ur 1899, zg 1902,  Babice<br \/>\n&#8230;&#8230;&#8230;&#8230;&#8230;&#8230;&#8230;&#8230;&#8230;&#8230;&#8230;&#8230;&#8230;&#8230;&#8230;Nowosielska Stanis\u0142awa ur 1900,  Babice<br \/>\n&#8230;&#8230;&#8230;&#8230;&#8230;&#8230;&#8230;&#8230;&#8230;&#8230;&#8230;&#8230;&#8230;&#8230;&#8230;Nowosielska Marianna ur 1903, zg 1903,  Babice<br \/>\n&#8230;&#8230;&#8230;&#8230;&#8230;&#8230;&#8230;&#8230;&#8230;&#8230;&#8230;&#8230;&#8230;&#8230;&#8230;Nowosielska Natalia ur 1904, zg 1905,  Babice<br \/>\n&#8230;&#8230;&#8230;&#8230;&#8230;&#8230;&#8230;&#8230;&#8230;&#8230;&#8230;&#8230;&#8230;&#8230;&#8230;Nowosielski Stanis\u0142aw ur 1906,  Babice<br \/>\n&#8230;&#8230;&#8230;&#8230;&#8230;&#8230;&#8230;&#8230;&#8230;&#8230;&#8230;&#8230;&#8230;&#8230;&#8230;Nowosielska Boles\u0142aw ur 1906,  Babice<br \/>\n&#8230;&#8230;&#8230;&#8230;&#8230;&#8230;&#8230;&#8230;&#8230;&#8230;&#8230;&#8230;&#8230;&#8230;&#8230;Nowosielska Franciszek ur 1909,  Babice<br \/>\n&#8230;&#8230;&#8230;&#8230;&#8230;&#8230;&#8230;&#8230;&#8230;&#8230;&#8230;&#8230;&#8230;&#8230;&#8230;Nowosielska Stefan ur 1911, zg 1911,  Babice<br \/>\n&#8230;&#8230;&#8230;&#8230;&#8230;&#8230;&#8230;&#8230;.Nowosielski Jan (ur 1849, W-wa, S\u0142u\u017cew, \u015aw. Katarzyna,, Szopy; zg 1827, W-wa, S\u0142u\u017cew, \u015aw. Katarzyna, S\u0142u\u017cew) i (\u015bl 1876, W-wa, S\u0142u\u017cew, \u015aw. Katarzyna) Marcjanna Go\u017adzik (ur 1840, Babice; zg 1892), wdowa po Pawle Go\u017adziku, zg w 1874) c. J\u00f3zefa i Barbary<br \/>\n&#8230;&#8230;&#8230;&#8230;&#8230;&#8230;&#8230;&#8230;.Nowosielski Jan (ur 1849, W-wa, S\u0142u\u017cew, \u015aw. Katarzyna, Szopy; zg 1827, W-wa, S\u0142u\u017cew, \u015aw. Katarzyna, S\u0142u\u017cew) i (\u015bl 1893, W-wa, S\u0142u\u017cew, \u015aw. Katarzyna) Antonina Derda (ur 1875, W-wa, S\u0142u\u017cew, \u015aw. Katarzyna, Szopy)<br \/>\n&#8230;&#8230;&#8230;&#8230;&#8230;&#8230;&#8230;&#8230;&#8230;&#8230;&#8230;Nowosielska Zofia ur 1897, W-wa, S\u0142u\u017cew, \u015aw. Katarzyna,, S\u0142u\u017cew<br \/>\n&#8230;&#8230;&#8230;&#8230;&#8230;&#8230;&#8230;&#8230;&#8230;&#8230;&#8230;Nowosielski Jan ur 1899, W-wa, S\u0142u\u017cew, \u015aw. Katarzyna,, S\u0142u\u017cew<br \/>\n&#8230;&#8230;&#8230;&#8230;&#8230;&#8230;&#8230;&#8230;&#8230;&#8230;&#8230;Nowosielski W\u0142adys\u0142aw ur 1901, W-wa, S\u0142u\u017cew, \u015aw. Katarzyna,, S\u0142u\u017cew<br \/>\n&#8230;&#8230;&#8230;&#8230;&#8230;&#8230;&#8230;&#8230;&#8230;&#8230;&#8230;Nowosielski Franciszek ur 1901, W-wa, S\u0142u\u017cew, \u015aw. Katarzyna, S\u0142u\u017cew (bli\u017aniacy)<br \/>\n&#8230;&#8230;&#8230;&#8230;&#8230;&#8230;&#8230;&#8230;.Nowosielska Agnieszka ur 1855, W-wa, S\u0142u\u017cew, \u015aw. Katarzyna,, Szopy<br \/>\n&#8230;&#8230;&#8230;&#8230;&#8230;&#8230;&#8230;&#8230;.Nowosielski Micha\u0142, Pawe\u0142 ur 1856,W-wa, S\u0142u\u017cew, \u015aw. Katarzyna,, Szopy<br \/>\n&#8230;&#8230;&#8230;&#8230;&#8230;&#8230;&#8230;&#8230;.Nowosielski Szymon, Piotr ur 1857, W-wa, S\u0142u\u017cew, \u015aw. Katarzyna, Szopy<br \/>\n&#8230;&#8230;&#8230;&#8230;&#8230;&#8230;&#8230;&#8230;.Nowosielski Franciszek, 1859, W-wa, S\u0142u\u017cew, \u015aw. Katarzyna,, Szopy<br \/>\n&#8230;&#8230;&#8230;&#8230;&#8230;&#8230;&#8230;&#8230;.Nowosielski Feliks, 1860, W-wa, S\u0142u\u017cew, \u015aw. Katarzyna,, Szopy<br \/>\n&#8230;&#8230;&#8230;&#8230;&#8230;&#8230;&#8230;&#8230;.Nowosielska Zofia ur 1863, W-wa, S\u0142u\u017cew, \u015aw. Katarzyna Szopy<br \/>\n&#8230;&#8230;&#8230;&#8230;&#8230;&#8230;.Nowosielski Antoni ur 1832, W-wa, S\u0142u\u017cew, \u015aw. Katarzyna, Szopy<br \/>\n&#8230;&#8230;&#8230;&#8230;Nowosielska Ma\u0142gorzata ur 1798, W-wa, S\u0142u\u017cew, \u015aw. Katarzyna, Szopy<br \/>\n&#8230;&#8230;&#8230;&#8230;Nowosielska Anna ur 1799, W-wa, S\u0142u\u017cew, \u015aw. Katarzyna, Szopy<br \/>\n&#8230;&#8230;&#8230;&#8230;Nowosielski Jan ur 1802, W-wa, S\u0142u\u017cew, \u015aw. Katarzyna, Szopy<br \/>\n&#8230;&#8230;&#8230;&#8230;Nowosielska Marianna, Weronika ur 1804, W-wa, S\u0142u\u017cew, \u015aw. Katarzyna, Szopy<br \/>\n&#8230;&#8230;&#8230;&#8230;Nowosielski Piotr, Zygmunt ur 1806, W-wa, S\u0142u\u017cew, \u015aw. Katarzyna,<br \/>\n&#8230;&#8230;&#8230;&#8230;Nowosielska Katarzyna ur 1808, W-wa, S\u0142u\u017cew, \u015aw. Katarzyna, Szopy<br \/>\n&#8230;..Nowosielski Wojciech (ur 1759 (60), zg 1818) i \u015bl 1812, W-wa, S\u0142u\u017cew, \u015aw. Katarzyna, Anna Samo\u0142owicz (ur 1785 w Imielinie), c. Jana i Apolonii Kornackiej<\/p>\n<p>&#8230;&#8230;&#8230;&#8230;&#8230;&#8230;&#8230;&#8230;&#8230;&#8230;&#8230;&#8230;&#8230;&#8230;&#8230;&#8230;&#8230;&#8230;&#8230;&#8230;<br \/>\nKontakt \u2013 k.binka@uw.edu.pl<\/p>\n","protected":false},"excerpt":{"rendered":"<p>W parafii babickiej notowania trwa\u0142e Nowosielskich maj\u0105 miejsce w aktach pod koniec XIX wieku. S\u0105 to dwie ga\u0142\u0119zie. Pierwsza ga\u0142\u0105\u017a. Trudno powiedzie\u0107, czy jest spowinowacona z drug\u0105 ga\u0142\u0119zi\u0105. Pod koniec XIX wieku w parafii babickiej zanotowano urodziny Antoniny (1887- 1888), Ma\u0142gorzaty (1888-1890) i J\u00f3zefa Nowosielskiego (1890) w pobliskiej miejscowo\u015bci Chrzan\u00f3w. By\u0142y to dzieci Marcina Nowosielskiego &hellip; <a href=\"https:\/\/k.binka.pl\/?page_id=1630\" class=\"more-link\">Czytaj dalej <span class=\"screen-reader-text\">Rodzina Nowosielski z Babic i Szop<\/span> <span class=\"meta-nav\">&rarr;<\/span><\/a><\/p>\n","protected":false},"author":1,"featured_media":0,"parent":0,"menu_order":0,"comment_status":"closed","ping_status":"closed","template":"","meta":{"footnotes":""},"class_list":["post-1630","page","type-page","status-publish","hentry"],"_links":{"self":[{"href":"https:\/\/k.binka.pl\/index.php?rest_route=\/wp\/v2\/pages\/1630","targetHints":{"allow":["GET"]}}],"collection":[{"href":"https:\/\/k.binka.pl\/index.php?rest_route=\/wp\/v2\/pages"}],"about":[{"href":"https:\/\/k.binka.pl\/index.php?rest_route=\/wp\/v2\/types\/page"}],"author":[{"embeddable":true,"href":"https:\/\/k.binka.pl\/index.php?rest_route=\/wp\/v2\/users\/1"}],"replies":[{"embeddable":true,"href":"https:\/\/k.binka.pl\/index.php?rest_route=%2Fwp%2Fv2%2Fcomments&post=1630"}],"version-history":[{"count":15,"href":"https:\/\/k.binka.pl\/index.php?rest_route=\/wp\/v2\/pages\/1630\/revisions"}],"predecessor-version":[{"id":1699,"href":"https:\/\/k.binka.pl\/index.php?rest_route=\/wp\/v2\/pages\/1630\/revisions\/1699"}],"wp:attachment":[{"href":"https:\/\/k.binka.pl\/index.php?rest_route=%2Fwp%2Fv2%2Fmedia&parent=1630"}],"curies":[{"name":"wp","href":"https:\/\/api.w.org\/{rel}","templated":true}]}}