{"id":1156,"date":"2019-05-28T18:17:23","date_gmt":"2019-05-28T16:17:23","guid":{"rendered":"http:\/\/kbinka.vipserv.org\/?page_id=1156"},"modified":"2025-08-16T09:03:14","modified_gmt":"2025-08-16T07:03:14","slug":"rodzina-zbiec","status":"publish","type":"page","link":"https:\/\/k.binka.pl\/?page_id=1156","title":{"rendered":"Rodzina Zbie\u0107"},"content":{"rendered":"<p>Pochodzenie nazwiska Zbie\u0107 &#8211; nieznanae (od Zbieg?).<\/p>\n<p>Przyk\u0142adowy ci\u0105g z okolic M\u00f3rd. Rodzina Zbie\u0107 licznie zasiedla\u0142a w XIX wieku Wojn\u00f3w, ale jej pocz\u0105tk\u00f3w nale\u017cy szuka\u0107 w pobliskiej wsi Roguziec, gdzie pocz\u0105tkowo mieszkali w\u0142o\u015bcianin Bart\u0142omiej z \u017con\u0105 Ma\u0142gorzat\u0105 i c\u00f3rk\u0105 Rozali\u0105.<\/p>\n<p><strong>ZBIE\u0106 MARCIN<\/strong> ur ok 1778 w\u0142o\u015bcianin z Rogu\u017aca (z aktu \u015bl Rozalii \u2013 pewnie brat Bart\u0142omieja)<\/p>\n<p><strong>ZBIE\u0106<\/strong> <strong>BART\u0141OMIEJ<\/strong> ur ok 1781, akt zg 61, 1841,, Mordy, Wojn\u00f3w \u2013 Skolim\u00f3w, kowal (pozostawi\u0142 \u017con\u0119 oraz Rozali\u0119, Franciszka, El\u017cbiet\u0119) i <strong>MA\u0141GORZATA CMOCH<\/strong> ur ok 1800, akt zg 97, 1852, Mordy, Wojn\u00f3w, l. 52.<br \/>\nZBIE\u0106 EL\u017bBIETA ur ok i akt \u015bl 17, 1837, Mordy PIOTR GODLEWSKI s. Bart\u0142omieja i Benedykty Zaj\u0105c<br \/>\nZBIE\u0106 ROZALIA ur ok 1813 i akt \u015bl 20, 1828, Mordy, Roguziec, w Rogu\u017acu przy rodzicach, TOMASZ POSTRZYGACZ ur ok 1808, s. Jakuba i Agnieszki Pep.<br \/>\nZBIE\u0106 FRANCISZEK ur ok 1817 i akt \u015bl 19, 1835, Mordy, APOLONIA SOCZEWKA ur ok 1815 w W\u00f3lce, \u017cyje przy rodzicach (akt zg 31, 1864, Mordy, Wojn\u00f3w), rodzice Izydor i Katarzyna Tarasiuk.<br \/>\n&#8230;.. ZBIE\u0106 MARCIN akt ur 69, 1836, Mordy, Wojn\u00f3w, akt zg 82, 1914, Mordy, Wojn\u00f3w + ANNA \u017b\u00d3RAWI\u0143SKA akt zg 119, 1922, Mordy, Wojn\u00f3w, c\u00f3rka Micha\u0142a i Franciszki Wo\u0142oszk\u00f3w, ur w Nowosielcu, w s\u0142u\u017cbie w Cierpigorzu l. 23 akt \u015bl 17, 1855, Mordy,<br \/>\n\u2026&#8230;&#8230;. Zbie\u0107 Teodora (akt ur 126, 1861, Mordy, Wojn\u00f3w) (Anna \u017burawi\u0144ska)<br \/>\n\u2026&#8230;&#8230;. Zbie\u0107 J\u00f3zefa (akt ur 52, 1862, Mordy, Wojn\u00f3w) (Anna \u017burawi\u0144ska)<br \/>\n\u2026&#8230;&#8230;. Zbie\u0107 Franciszek, Jakub (akt ur 76, 1864, Mordy, Wojn\u00f3w \u2013 zg 1946.1.26) + akt \u015bl 8, 1894, Mordy Gabriela Wasilewska c. Miko\u0142aja i Konstancji Wojtkowskiej zg 1926<br \/>\n\u2026\u2026&#8230;&#8230;&#8230;.. Zbie\u0107 Jan akt ur 149, 1894, Mordy.<br \/>\n\u2026\u2026&#8230;&#8230;&#8230;.. Zbie\u0107 J\u00f3zef akt ur 164, 1896, Mordy<br \/>\n\u2026\u2026&#8230;&#8230;&#8230;.. Zbie\u0107 Stanis\u0142awa akt ur 142, 1899, Mordy + Hieronim Matejczuk<br \/>\n&#8230;&#8230;&#8230;\u2026\u2026\u2026\u2026&#8230;. Matejczuk Henryka + Chmielewski<br \/>\n\u2026\u2026\u2026\u2026&#8230;&#8230;&#8230;&#8230;&#8230;&#8230;&#8230; Chmielewska Jola<br \/>\n&#8230;&#8230;&#8230;\u2026\u2026\u2026\u2026\u2026&#8230;&#8230;&#8230; Chmielewski Wojtek<br \/>\n&#8230;.\u2026\u2026\u2026\u2026&#8230;&#8230;&#8230; Matejczuk Jadwiga + Fredek Sawicki<br \/>\n&#8230;.\u2026\u2026\u2026\u2026\u2026&#8230;&#8230;&#8230;&#8230;.. Sawicki Ryszard<br \/>\n&#8230;&#8230;&#8230;&#8230;&#8230;..\u2026\u2026\u2026\u2026\u2026. Sawicki Stanis\u0142aw<br \/>\n&#8230;&#8230;.\u2026\u2026\u2026\u2026&#8230;&#8230; Matejczuk Janek + Bogusia<br \/>\n&#8230;&#8230;.\u2026\u2026\u2026\u2026\u2026&#8230;&#8230;&#8230;&#8230; Matejczuk Ma\u0142gosia<br \/>\n&#8230;&#8230;&#8230;&#8230;.\u2026\u2026\u2026\u2026\u2026&#8230;&#8230; Matejczuk Iwona<br \/>\n\u2026\u2026&#8230;&#8230;&#8230;.. Zbie\u0107 Stanis\u0142aw akt ur 80, 1903, Mordy.<br \/>\n\u2026\u2026&#8230;&#8230;&#8230;.. Zbie\u0107 Piotr, Antoni, akt ur 109, 1906, Mordy<br \/>\n\u2026\u2026&#8230;&#8230;&#8230;.. Zbie\u0107 Micha\u0142 akt ur 114, 1908, Mordy,<br \/>\n\u2026\u2026&#8230;&#8230;&#8230;.. Zbie\u0107 J\u00f3zefa akt ur 80, 1911, Mordy.<br \/>\n\u2026\u2026&#8230;&#8230;&#8230;.. Zbie\u0107 Helena akt ur 208, 1912, Mordy + Zdzis\u0142aw J\u0119drusik<br \/>\n\u2026\u2026\u2026&#8230;&#8230;&#8230;&#8230;&#8230;. J\u0119drusik Stanis\u0142aw<br \/>\n\u2026\u2026\u2026\u2026&#8230;&#8230;&#8230;&#8230;&#8230;&#8230;&#8230; J\u0119drusik Kasia<br \/>\n\u2026\u2026\u2026\u2026&#8230;&#8230;&#8230;&#8230;&#8230;&#8230;&#8230; J\u0119drusik Ma\u0142gosia<br \/>\n..\u2026\u2026\u2026&#8230;&#8230;&#8230;&#8230;.. J\u0119drusik Jan<br \/>\n\u2026\u2026\u2026\u2026&#8230;&#8230;&#8230;&#8230;&#8230;&#8230;&#8230; J\u0119drusik Piotr<br \/>\n\u2026\u2026\u2026\u2026&#8230;&#8230;&#8230;&#8230;&#8230;&#8230;&#8230; Jedrusik Pawe\u0142<br \/>\n\u2026\u2026&#8230;&#8230;&#8230;.. Zbie\u0107 Julia akt ur 30, 1915, Mordy, zg 2015, Siedlce + Jan Suprun<br \/>\n\u2026\u2026\u2026&#8230;&#8230;&#8230;&#8230;&#8230;. Suprun Stanis\u0142aw<br \/>\n\u2026\u2026\u2026&#8230;&#8230;&#8230;&#8230;&#8230;. Suprun Tedeusz<br \/>\n\u2026\u2026\u2026&#8230;&#8230;&#8230;&#8230;&#8230;. Suprun Henryka, Ewa + Krzysztof Bi\u0144ka<br \/>\n\u2026\u2026&#8230;&#8230;&#8230;.. Zbie\u0107 Zofia akt ur 142, 1917, Mordy + Stanis\u0142aw Dziewulski<br \/>\n\u2026\u2026\u2026&#8230;&#8230;&#8230;&#8230;&#8230;. Jola Dziewulska<br \/>\n\u2026\u2026\u2026\u2026&#8230;&#8230;&#8230;&#8230;. Henryk Dziewulski<br \/>\n\u2026\u2026\u2026&#8230;&#8230;&#8230;&#8230;&#8230;. Zbigniew Dziewulski<br \/>\n\u2026\u2026\u2026&#8230;&#8230;&#8230;&#8230;&#8230;. Jan Dziewulski<br \/>\n\u2026&#8230;&#8230;. Zbie\u0107 Stanis\u0142aw akt ur 60, 1867, Mordy, Wojn\u00f3w<br \/>\n\u2026&#8230;&#8230;. Zbie\u0107 Aleksandra akt ur 61, 1867, Mordy, Wojn\u00f3w + Walczak<br \/>\n\u2026\u2026&#8230;&#8230;&#8230;.. Walczak Ludwik<br \/>\n\u2026\u2026&#8230;&#8230;&#8230;.. Walczak Paulina + Roch Michalski<br \/>\n\u2026\u2026&#8230;&#8230;&#8230;.. Walczak Stanis\u0142awa<br \/>\n\u2026\u2026&#8230;&#8230;&#8230;.. Walczak Marta<br \/>\n\u2026\u2026&#8230;&#8230;&#8230;.. Walczak Bocia<br \/>\n\u2026\u2026&#8230;&#8230;&#8230;.. Walczak Ludwik<br \/>\n\u2026\u2026&#8230;&#8230;&#8230;.. Walczak Boles\u0142aw<br \/>\n\u2026\u2026&#8230;&#8230;&#8230;.. Walczak Kazimierz<br \/>\n\u2026&#8230;&#8230;. Zbie\u0107 Katarzyna (akt ur 19, 1873, zg 1873 Mordy, Wojn\u00f3w)<br \/>\n\u2026&#8230;&#8230;. Zbie\u0107 Jan akt ur 152, 1874 Mordy, Wojn\u00f3w<br \/>\n\u2026..ZBIE\u0106 ANTONINA akt ur 48, 1836, Mordy, Wojn\u00f3w.<br \/>\n\u2026..ZBIE\u0106 MATEUSZ akt ur 72, 1839, Mordy, Wojn\u00f3w, akt zg 20, 1843, Mordy, Wojn\u00f3w.<br \/>\n\u2026..ZBIE\u0106 \u0141UKASZ akt ur 88, 1841, Wojn\u00f3w \u2013 Skolim\u00f3w, akt zg 98, 1841, Mordy, Wojn\u00f3w.<br \/>\n\u2026..ZBIE\u0106 KONSTANTY akt ur 62, 1842, Mordy, Wojn\u00f3w. Akt zg 35, 1916, Mordy, Mordy. I akt \u015bl \u2026 MARIANNA ZIE\u0143CZYK<br \/>\n\u2026\u2026\u2026..Zbie\u0107 akt zg 81, 1864, Mordy, Wojn\u00f3w.<br \/>\n\u2026\u2026\u2026..Zbie\u0107 Karolina akt ur 126, 1865, Mordy, Wojn\u00f3w.<br \/>\n\u2026\u2026\u2026..Zbie\u0107 Bronis\u0142awa akt ur 102, 1867, Przesmyki, Zawady, \u017cyj\u0105ca w Mordach l. 42 i akt \u015bl 27, 1910, Mordy, Mordy, Franciszek Sawicki s. Tomasza i Anny Marczuk.<br \/>\n\u2026\u2026\u2026..Zbie\u0107 Paulina akt ur 52, 1872, Mordy, Wojn\u00f3w. Akt zg 68, 1872, Mordy, Wojn\u00f3w.<br \/>\n\u2026\u2026\u2026..Zbie\u0107 Aleksandra akt ur 115, 1873, Mordy, Wojn\u00f3w.<br \/>\n\u2026\u2026\u2026..Zbie\u0107 Tekla akt ur 84, 1875, Mordy, Wojn\u00f3w. Akt \u015bl 14, 1894, Hadyn\u00f3w, Jan Gruszka, s. Antoniego i Ewy Matwiejczuk.<br \/>\n\u2026\u2026\u2026..Zbie\u0107 Aleksander akt ur 1878, 18, Mordy, Wojn\u00f3w.<br \/>\n\u2026\u2026\u2026..Zbie\u0107 Seweryna akt ur 60, 1880, Mordy, Wojn\u00f3w. Akt zg 15, 1886, Mordy, Wojn\u00f3w.<br \/>\n\u2026\u2026\u2026..Zbie\u0107 Boles\u0142awa akt ur 18, 1883, Mordy, Wojn\u00f3w.<br \/>\n\u2026\u2026\u2026..Zbie\u0107 Michalina akt ur 65, 1885, Mordy, Wojn\u00f3w.<br \/>\n&#8230;.. ZBIE\u0106 PAULINA akt ur 98, 1844 Mordy, Wojn\u00f3w + ADAM MATWIEJCZUK (akt \u015bl 38, 1864 Mordy). Akt zg 116, 1915, Przesmyki, Zawady.<br \/>\n&#8230;.. ZBIE\u0106 WOJCIECH (akt ur 30, 1848 Mordy, Wojn\u00f3w), F- 31 l.,<br \/>\n&#8230;.. ZBIE\u0106 MARIANNA (akt ur 86, 1849, Mordy, Wojn\u00f3w).<br \/>\n&#8230;.. ZBIE\u0106 STANIS\u0141AW (akt ur 57, 1952, Mordy, Wojn\u00f3w. Akt zg 88, 1852, Mordy, Wojn\u00f3w)<br \/>\n&#8230;.. ZBIE\u0106 JAN (akt ur 58, 1952, Mordy, Wojn\u00f3w. Akt zg 80, 1854, Mordy, Wojn\u00f3w.<br \/>\n&#8230;.. ZBIE\u0106 J\u00d3ZEFA (akt ur 22, 1955, Mordy, Wojn\u00f3w). Akt zg 105, 1855, Mordy, Wojn\u00f3w.<br \/>\n&#8230;.. ZBIE\u0106 TOMASZ (akt ur 93, 1958, Mordy, Wojn\u00f3w). Akt zg 74, 1858, Mordy, Wojn\u00f3w.<br \/>\n<a href=\"http:\/\/kbinka.vipserv.org\/wp-content\/uploads\/2025\/08\/Helena-l-i-Julia-Zbie\u0107-p.jpg\"><img loading=\"lazy\" decoding=\"async\" class=\"alignnone wp-image-1615\" src=\"http:\/\/kbinka.vipserv.org\/wp-content\/uploads\/2025\/08\/Helena-l-i-Julia-Zbie\u0107-p.jpg\" alt=\"\" width=\"432\" height=\"330\" srcset=\"https:\/\/k.binka.pl\/wp-content\/uploads\/2025\/08\/Helena-l-i-Julia-Zbie\u0107-p.jpg 3709w, https:\/\/k.binka.pl\/wp-content\/uploads\/2025\/08\/Helena-l-i-Julia-Zbie\u0107-p-300x229.jpg 300w, https:\/\/k.binka.pl\/wp-content\/uploads\/2025\/08\/Helena-l-i-Julia-Zbie\u0107-p-768x587.jpg 768w, https:\/\/k.binka.pl\/wp-content\/uploads\/2025\/08\/Helena-l-i-Julia-Zbie\u0107-p-1024x782.jpg 1024w\" sizes=\"auto, (max-width: 432px) 100vw, 432px\" \/><\/a><br \/>\nHelena (J\u0119drusik) l i Julia Zbie\u0107 (Suprun) p<\/p>\n<p><a href=\"http:\/\/kbinka.vipserv.org\/wp-content\/uploads\/2025\/08\/Julia-ZbieC-Suprun-ma\u0142a-ogrodniczka-Mordy-1945.jpg\"><img loading=\"lazy\" decoding=\"async\" class=\"alignnone wp-image-1620\" src=\"http:\/\/kbinka.vipserv.org\/wp-content\/uploads\/2025\/08\/Julia-ZbieC-Suprun-ma\u0142a-ogrodniczka-Mordy-1945.jpg\" alt=\"\" width=\"482\" height=\"313\" srcset=\"https:\/\/k.binka.pl\/wp-content\/uploads\/2025\/08\/Julia-ZbieC-Suprun-ma\u0142a-ogrodniczka-Mordy-1945.jpg 5880w, https:\/\/k.binka.pl\/wp-content\/uploads\/2025\/08\/Julia-ZbieC-Suprun-ma\u0142a-ogrodniczka-Mordy-1945-300x195.jpg 300w, https:\/\/k.binka.pl\/wp-content\/uploads\/2025\/08\/Julia-ZbieC-Suprun-ma\u0142a-ogrodniczka-Mordy-1945-768x498.jpg 768w, https:\/\/k.binka.pl\/wp-content\/uploads\/2025\/08\/Julia-ZbieC-Suprun-ma\u0142a-ogrodniczka-Mordy-1945-1024x665.jpg 1024w\" sizes=\"auto, (max-width: 482px) 100vw, 482px\" \/><\/a><\/p>\n<p>Ma\u0142a ogrodniczka, Julia Zbie\u0107 (Suprun) 1 maj 1945 Mordy<\/p>\n","protected":false},"excerpt":{"rendered":"<p>Pochodzenie nazwiska Zbie\u0107 &#8211; nieznanae (od Zbieg?). Przyk\u0142adowy ci\u0105g z okolic M\u00f3rd. Rodzina Zbie\u0107 licznie zasiedla\u0142a w XIX wieku Wojn\u00f3w, ale jej pocz\u0105tk\u00f3w nale\u017cy szuka\u0107 w pobliskiej wsi Roguziec, gdzie pocz\u0105tkowo mieszkali w\u0142o\u015bcianin Bart\u0142omiej z \u017con\u0105 Ma\u0142gorzat\u0105 i c\u00f3rk\u0105 Rozali\u0105. ZBIE\u0106 MARCIN ur ok 1778 w\u0142o\u015bcianin z Rogu\u017aca (z aktu \u015bl Rozalii \u2013 pewnie brat &hellip; <a href=\"https:\/\/k.binka.pl\/?page_id=1156\" class=\"more-link\">Czytaj dalej <span class=\"screen-reader-text\">Rodzina Zbie\u0107<\/span> <span class=\"meta-nav\">&rarr;<\/span><\/a><\/p>\n","protected":false},"author":1,"featured_media":0,"parent":0,"menu_order":0,"comment_status":"closed","ping_status":"closed","template":"","meta":{"footnotes":""},"class_list":["post-1156","page","type-page","status-publish","hentry"],"_links":{"self":[{"href":"https:\/\/k.binka.pl\/index.php?rest_route=\/wp\/v2\/pages\/1156","targetHints":{"allow":["GET"]}}],"collection":[{"href":"https:\/\/k.binka.pl\/index.php?rest_route=\/wp\/v2\/pages"}],"about":[{"href":"https:\/\/k.binka.pl\/index.php?rest_route=\/wp\/v2\/types\/page"}],"author":[{"embeddable":true,"href":"https:\/\/k.binka.pl\/index.php?rest_route=\/wp\/v2\/users\/1"}],"replies":[{"embeddable":true,"href":"https:\/\/k.binka.pl\/index.php?rest_route=%2Fwp%2Fv2%2Fcomments&post=1156"}],"version-history":[{"count":17,"href":"https:\/\/k.binka.pl\/index.php?rest_route=\/wp\/v2\/pages\/1156\/revisions"}],"predecessor-version":[{"id":1622,"href":"https:\/\/k.binka.pl\/index.php?rest_route=\/wp\/v2\/pages\/1156\/revisions\/1622"}],"wp:attachment":[{"href":"https:\/\/k.binka.pl\/index.php?rest_route=%2Fwp%2Fv2%2Fmedia&parent=1156"}],"curies":[{"name":"wp","href":"https:\/\/api.w.org\/{rel}","templated":true}]}}