{"id":1154,"date":"2019-05-28T18:10:14","date_gmt":"2019-05-28T16:10:14","guid":{"rendered":"http:\/\/kbinka.vipserv.org\/?page_id=1154"},"modified":"2026-01-07T20:27:48","modified_gmt":"2026-01-07T19:27:48","slug":"rodzina-suprun","status":"publish","type":"page","link":"https:\/\/k.binka.pl\/?page_id=1154","title":{"rendered":"Rodzina Suprun"},"content":{"rendered":"<p>Nazwisko Suprun rozprzestrzenione jest we wschodniej Polsce. Pochodzi ono od greckiego imienia \u015aw. Sofroniusza \u2013 patriarchy Jerozolimy w latach 550 &#8211; 638. We wschodniej Polsce i na obszarach rusi\u0144skich nazwisko wyst\u0119puje w r\u00f3\u017cnych formach.<br \/>\nPoni\u017cej ci\u0105g genealogiczny Suprun\u00f3w z M\u00f3rd k. Siedlec i jej okolic. Przodkiem wszystkich by\u0142 <strong>Maksymilian Suprun<\/strong> i nieznana z nazwiska <strong>Jadwiga<\/strong>.<br \/>\nZe starszych dat pojawiaj\u0105cych si\u0119 w aktach mo\u017cna wymieni\u0107 <strong>Brygid\u0119 Suprun<\/strong> ur ok 1791 r. W akcie \u015bl z<strong> Ignacym St\u0119pkowskim<\/strong> (akt \u015bl 6 1811, Mordy \u2013 s. <strong>Miko\u0142aja<\/strong> i <strong>Katarzyny<\/strong> <strong>Sworskiej<\/strong>) okre\u015blana jako &#8211; l. 20 u wuja, s\u0142awetnego <strong>Micha\u0142a<\/strong> <strong>D\u0119bskiego,<\/strong>\u00a0na opiece dot\u0105d zostaj\u0105ca. Jej rodzicami byli &#8211; <strong>Suprun Marcin<\/strong> zm 10.04.1805, Mordy, i <strong>Ma\u0142gorzata<\/strong> <strong>Jaczkiewicz<\/strong> zm 14.07.1802. <strong>Marcin<\/strong> <strong>Suprun<\/strong> jest zapewne bratem <strong>Jakba<\/strong> <strong>Supruna<\/strong>, jak mo\u017ce wynika\u0107 z szacunkowej daty jego urodzin..<br \/>\nR\u00f3wnie\u017c leciw\u0105 dat\u0105 jest <strong>Marianna<\/strong> <strong>Suprun<\/strong> &#8211; <strong>Marianna<\/strong> <strong>Suprun<\/strong> (<strong>Sawicka<\/strong> po m\u0119\u017cu) \u2013 akt zg 176, 1855 \u2013 Mordy, mieszczanka lat 60 \u2013 czyli ur ok 1795. M\u0105\u017c <strong>Feliks<\/strong> <strong>Sawicki<\/strong> \u2013 zg 1852, lat 60 maj\u0105cy. By\u0107 mo\u017ce jest zst\u0119pn\u0105 Jakuba lub jego siostr\u0105.<\/p>\n<p><strong>\u00a0 \u00a0 \u00a0 \u00a0 \u00a0 \u00a0 \u00a0 \u00a0 \u00a0 \u00a0 \u00a0 \u00a0 \u00a0 \u00a0 S U P R U N\u00a0 \u00a0 \u00a0M A KS Y M I L I A N\u00a0 \u00a0 i\u00a0 \u00a0 J A D W I G A <\/strong><br \/>\nniegdy\u015b w mie\u015bcie Mordach na gospodarstwie osiad\u0142i, oboje nie \u017cyj\u0105cy (w 1825 roku)<\/p>\n<p><strong>SUPRUN JAKUB<\/strong> ur ok 1779, 1782, akt zg 6, 1837. Mordy, Mordy, l. 55 mieszczanin i gospodarz w Mordach i <strong>MARIANNA KUPI\u0143SKA<\/strong> (ur ok 1779, akt zg 85, 1822, Mordy, Mordy 43 lata, c. Jakuba i Agaty Rafalskiej, zm w domu pod nr 73)<br \/>\n<strong>Suprun Franciszka<\/strong> (ur ok 1801, akt zg 17, 1865, Mordy, Mordy) i akt \u015bl 1, 1817, Mordy, panna l. 16, s\u0142awetna, <strong>Franciszek Firasiewicz<\/strong> s. Antoniego i Marianny Marczuk<br \/>\n<strong>Suprun Piotr<\/strong> akt ur 321, 1813, Mordy, Mordy, akt zg 381, 1813, Mordy, Mordy.<br \/>\n<strong>Suprun Joanna<\/strong> akt ur 415, 1814, Mordy, Mordy, akt zg 110, 1854, Mordy, Mordy, przy familii zostaj\u0105ca.<br \/>\n<strong>Suprun Stanis\u0142aw<\/strong> (akt ur 38, ok 1817, Mordy, Mordy, akt zg 53, 1864, Mordy, Mordy) i akt \u015bl 77, 1843, Mordy, Mordy<strong> Franciszka Ostaszyk<\/strong>, akt zg 26, 1854, Mordy, Mordy, c\u00f3rka Franciszka i Marianny<br \/>\n\u2026..Suprun Honorata, akt ur 2, 1845, Mordy, Mordy, akt zg 29, 1853, Mordy, Mordy.<br \/>\n\u2026..Suprun Konstancja, akt ur 14, 1849, Mordy, Mordy, akt zg 104, 1851, Mordy, Mordy.<br \/>\n\u2026..Suprun Marianna, akt ur 119, 1851, Mordy, Mordy. akt zg 24, 1855, Mordy, Mordy.<br \/>\n<strong>Suprun Stanis\u0142aw<\/strong> (akt ur 38, ok 1817, Mordy, Mordy, akt zg 53, 1864, Mordy, Mordy, \u015bl \u2013 mieszczanin i gospodarz w Mordach) i akt \u015bl 5, 1858, Mordy, Mordy <strong>Emilia Marczuk<\/strong>, akt ur 62, 1840, Mordy, Mordy c\u00f3rka J\u00f3zefa i J\u00f3zefy Orlickiej gospodarzy w Mordach, drugi jej slub 1873, Mordy i Niedzwiedzki, (c. J\u00f3zefa i J\u00f3zefy Ambroziak)<br \/>\n\u2026..Suprun Konstancja, akt ur 15, 1859, Mordy, Mordy, akt zg 66, 1862, Mordy, Mordy<br \/>\n\u2026..Suprun Paulina, akt ur 1861, Mordy, Mordy, akt zg 47, 1862, Mordy, Mordy<br \/>\n\u2026..Suprun Jan, akt ur 93, 1863, Mordy, Mordy, akt zg 56, 1869, Mordy, Mordy<br \/>\n\u2026..Suprun Marianna, akt ur 48, 1866, Mordy, Mordy,<br \/>\n\u2026..Suprun Stanis\u0142aw, (akt ur 16,1869, Mordy, Mordy) i Apolonia Go\u015b akt ur 9, 1871, Mordy, Mordy, akt \u015bl 38, 1892, Mordy, Mordy, c\u00f3rka Karola i Justyny Boruta<br \/>\n&#8230;&#8230;&#8230;..Suprun Boles\u0142aw akt ur 140, 1894, Mordy, Mordy<br \/>\n&#8230;&#8230;&#8230;&#8230;&#8230;&#8230;&#8230;. El\u017cbieta Suprun<br \/>\n&#8230;&#8230;&#8230;&#8230;&#8230;&#8230;&#8230;. syn<br \/>\n&#8230;&#8230;&#8230;..Suprun Mieczys\u0142aw akt ur 11, 1896, Mordy, Mordy + Eugenia Strus<br \/>\n&#8230;&#8230;&#8230;&#8230;&#8230;&#8230;&#8230;. Wies\u0142aw Suprun<br \/>\n&#8230;&#8230;&#8230;&#8230;&#8230;&#8230;&#8230;. Andrzej Suprun<br \/>\n&#8230;&#8230;&#8230;&#8230;&#8230;&#8230;&#8230;. Les\u0142aw Suprun<br \/>\n&#8230;&#8230;&#8230;..Suprun Helena akt ur 3, 1898, Mordy, Mordy + Andrzejewski<br \/>\n&#8230;&#8230;&#8230;&#8230;&#8230;&#8230;&#8230;. Andrzej Andrzejewski<br \/>\n&#8230;&#8230;&#8230;&#8230;&#8230;&#8230;&#8230;. Janusz Andrzejewski<br \/>\n&#8230;&#8230;&#8230;&#8230;&#8230;&#8230;&#8230;&#8230;&#8230;&#8230;&#8230;Aldona Andrzejewska<br \/>\n&#8230;&#8230;&#8230;&#8230;&#8230;&#8230;&#8230;&#8230;&#8230;&#8230;&#8230;&#8230;..Zuzanna<br \/>\n&#8230;&#8230;&#8230;..Suprun Felicja,Fela, akt ur 96, 1899, Mordy, Mordy + Jan Kotowicz<br \/>\n&#8230;&#8230;&#8230;..Suprun Stanis\u0142awa akt ur 54, 1901, Mordy, Mordy. Akt zg 100, 1914, Mordy, Mordy.<br \/>\n&#8230;&#8230;&#8230;..Suprun W\u0142adys\u0142aw akt ur 1, 1903, Mordy, Mordy. Akt zg 66, 1917, Mordy, Mordy<br \/>\n&#8230;&#8230;&#8230;..Suprun Stefania akt ur 85, 1904, Mordy, Mordy + Mieczykowski<br \/>\n&#8230;&#8230;&#8230;..Suprun J\u00f3zef akt ur 63, 1906, Mordy, Mordy, akt zg 44, 1906, Mordy, Mordy.<br \/>\n&#8230;&#8230;&#8230;..Suprun Jan akt ur 83, 1907, Mordy, Mordy + Julia Zbie\u0107, akt ur 30, 1915, Mordy, zg 2015, Siedlce.<br \/>\n&#8230;&#8230;&#8230;&#8230;&#8230;&#8230;&#8230;. Stanis\u0142aw Suprun<br \/>\n&#8230;&#8230;&#8230;&#8230;&#8230;&#8230;&#8230;. Tadeusz Suprun<br \/>\n&#8230;&#8230;&#8230;&#8230;&#8230;&#8230;&#8230;. Henryka, Ewa Suprun + Krzysztof Bi\u0144ka<br \/>\n&#8230;&#8230;&#8230;..Suprun Henryk akt ur 222, 1908, Mordy, Mordy. Akt zg 56, 1910, Mordy, Mordy.<br \/>\n&#8230;&#8230;&#8230;..Suprun Marianna, Maria akt ur 108, 1910, Mordy, Mordy  + Jan Kotowicz<br \/>\n&#8230;&#8230;&#8230;..Suprun Zygmunt akt ur 132, 1911, Mordy, Mordy.<br \/>\n&#8230;&#8230;&#8230;..Suprun Natalia akt ur 190, 1912, Mordy, Mordy i Koryci\u0144ski Marian<br \/>\n&#8230;&#8230;&#8230;&#8230;&#8230;&#8230;&#8230;. Koryci\u0144ska Kinga<br \/>\n&#8230;&#8230;&#8230;..Suprun Martyna akt ur 124, 1914 Mordy, Mordy + Stanis\u0142aw Jaszczuk<br \/>\n<strong>Suprun Urszula<\/strong> (ur ok. 1819, akt zg 96, 1954, Mordy, Mordy) i <strong>Leon<\/strong> <strong>Wasilewski<\/strong>, s. Wojciecha i \u0141ucji Krajskiej akt \u015bl 7 1841, Mordy, Mordy.<br \/>\n<strong>SUPRUN JAKUB<\/strong> (Supruniak) ur ok 1779, 1782, 1781, akt zg 6, 1837. Mordy, Mordy, l. 55, \u015bl l. 44, s\u0142awetny i akt \u015bl 5, 1825, Mordy, Mordy <strong>MARIANNA WASILEWSKA<\/strong> c. Rocha i Agnieszki Przygodzkiej, l. 26, s\u0142awetna, jej rodzice na gospodarstwie w Mordach.<br \/>\n<strong>Suprun Micha\u0142<\/strong> akt ur 6, 1827, Mordy, Mordy (Wasilczuk), akt zg 48, 1828, Mordy, Mordy<br \/>\n<strong>Suprun Emilia<\/strong> akt ur 40, 1830, Mordy, Mordy, akt zg 84, 1830, Mordy, Mordy<br \/>\n<strong>Suprun Karolina<\/strong> (akt ur 94, 1831 Mordy, Mordy, akt zg 112, 1889, Mordy, Mordy) i akt \u015bl 5, 1848, Mordy, Mordy, Jan Chodowski (Chodowiec?) s. Antoniego i Magdaleny \u015awi\u0105tkowskiej<br \/>\n\u2026..Chodowska Aniela, ur 1849, Mordy, Mordy<br \/>\n\u2026..Chodowska Emilia ur 1851, Mordy, Mordy<br \/>\n\u2026..Chodowski Szczepan ur 1852, Mordy, Mordy<br \/>\n\u2026..Chodowska Kazimiera ur 1854, Mordy, Mordy<br \/>\n\u2026..Chodowski Wiktor ur 1856, Mordy, Mordy<br \/>\n\u2026..Chodowski Piotr, Celestyn ur 1859, Mordy, Mordy<br \/>\n\u2026..Chodowski Piotr ur 1861, Mordy, Mordy<br \/>\n\u2026..Chodowska Marianna ur 1863, Mordy, Mordy<br \/>\n\u2026..Chodowska Felicjanna ur 1863, Mordy, Mordy<br \/>\n\u2026..Chodowska Rozalia ur 1864, Mordy, Mordy<br \/>\n\u2026..Chodowska Antonina ur 1868, Mordy, Mordy<br \/>\n\u2026..Chodowski Mateusz ur 1871, Mordy, Mordy<br \/>\n<strong>Suprun Julianna<\/strong> akt ur 10, 1834, Mordy, Mordy, akt zg 77, 1843, Mordy, Mordy<br \/>\n<strong>Suprun Marcjanna<\/strong> akt ur 86, 1835, Mordy, Mordy, i akt \u015bl 12, 1870 Mordy <strong>Jan Paluszkiewicz<\/strong> s. Tomasza i Marianny Okaszewskiej<br \/>\n\u2026..Paluszkiewicz Franciszek akt ur 36, 1872, Mordy, Mordy, akt zg 156, 1873, Mordy, Mordy<br \/>\n\u2026..Paluszkiewicz Katarzyna akt ur 74, 1874, Mordy, Mordu<br \/>\n\u2026..Paluszkiewicz Albina akt ur 27, 1879, Mordy, Mordy<\/p>\n","protected":false},"excerpt":{"rendered":"<p>Nazwisko Suprun rozprzestrzenione jest we wschodniej Polsce. Pochodzi ono od greckiego imienia \u015aw. Sofroniusza \u2013 patriarchy Jerozolimy w latach 550 &#8211; 638. We wschodniej Polsce i na obszarach rusi\u0144skich nazwisko wyst\u0119puje w r\u00f3\u017cnych formach. Poni\u017cej ci\u0105g genealogiczny Suprun\u00f3w z M\u00f3rd k. Siedlec i jej okolic. Przodkiem wszystkich by\u0142 Maksymilian Suprun i nieznana z nazwiska Jadwiga. &hellip; <a href=\"https:\/\/k.binka.pl\/?page_id=1154\" class=\"more-link\">Czytaj dalej <span class=\"screen-reader-text\">Rodzina Suprun<\/span> <span class=\"meta-nav\">&rarr;<\/span><\/a><\/p>\n","protected":false},"author":1,"featured_media":0,"parent":0,"menu_order":0,"comment_status":"closed","ping_status":"closed","template":"","meta":{"footnotes":""},"class_list":["post-1154","page","type-page","status-publish","hentry"],"_links":{"self":[{"href":"https:\/\/k.binka.pl\/index.php?rest_route=\/wp\/v2\/pages\/1154","targetHints":{"allow":["GET"]}}],"collection":[{"href":"https:\/\/k.binka.pl\/index.php?rest_route=\/wp\/v2\/pages"}],"about":[{"href":"https:\/\/k.binka.pl\/index.php?rest_route=\/wp\/v2\/types\/page"}],"author":[{"embeddable":true,"href":"https:\/\/k.binka.pl\/index.php?rest_route=\/wp\/v2\/users\/1"}],"replies":[{"embeddable":true,"href":"https:\/\/k.binka.pl\/index.php?rest_route=%2Fwp%2Fv2%2Fcomments&post=1154"}],"version-history":[{"count":18,"href":"https:\/\/k.binka.pl\/index.php?rest_route=\/wp\/v2\/pages\/1154\/revisions"}],"predecessor-version":[{"id":1712,"href":"https:\/\/k.binka.pl\/index.php?rest_route=\/wp\/v2\/pages\/1154\/revisions\/1712"}],"wp:attachment":[{"href":"https:\/\/k.binka.pl\/index.php?rest_route=%2Fwp%2Fv2%2Fmedia&parent=1154"}],"curies":[{"name":"wp","href":"https:\/\/api.w.org\/{rel}","templated":true}]}}